{"id":15859,"date":"2017-10-03T13:07:47","date_gmt":"2017-10-03T13:07:47","guid":{"rendered":"http:\/\/www.nieulandesolutions.com\/?page_id=15859"},"modified":"2025-01-07T16:04:47","modified_gmt":"2025-01-07T16:04:47","slug":"etude-de-cas","status":"publish","type":"page","link":"https:\/\/www.nieulandesolutions.com\/fr\/etude-de-cas","title":{"rendered":"Etude de cas"},"content":{"rendered":"<div class=\"wpb-content-wrapper\"><p>[vc_row type=\u00a0\u00bbfull_width_section\u00a0\u00bb row_id=\u00a0\u00bbfeatures\u00a0\u00bb bg_position=\u00a0\u00bbleft top\u00a0\u00bb][vc_column animation=\u00a0\u00bbfade-in-from-left\u00a0\u00bb bg_color=\u00a0\u00bb#222222&Prime; column_padding=\u00a0\u00bbpadding-5&Prime; text_color=\u00a0\u00bbcustom\u00a0\u00bb custom_text_color=\u00a0\u00bb#44bdbd\u00a0\u00bb width=\u00a0\u00bb1\/2&Prime;]<h1 class=\"headline font-special fontsize-xxxxl fontweight-inherit lh-12 align-left transform-uppercase \" style=\"margin: 0; color: #1cbac8;\">Etude de cas<\/h1>[\/vc_column][vc_column animation=\u00a0\u00bbfade-in-from-right\u00a0\u00bb bg_color=\u00a0\u00bb#1cbac8&Prime; column_padding=\u00a0\u00bbpadding-5&Prime; column_center=\u00a0\u00bbtrue\u00a0\u00bb text_color=\u00a0\u00bblight\u00a0\u00bb width=\u00a0\u00bb1\/2&Prime;]<h2 class=\"headline font-special fontsize-xxl fontweight-700 lh-12 align-left transform-uppercase \" style=\"margin: 0 0 10px 0;\">Wireless Power consortium<\/h2>[\/vc_column][\/vc_row][vc_row bg_color=\u00a0\u00bb#f7f7f7&Prime;][vc_column column_padding=\u00a0\u00bbpadding-3&Prime; column_center=\u00a0\u00bbtrue\u00a0\u00bb text_color=\u00a0\u00bbcustom\u00a0\u00bb width=\u00a0\u00bb1\/1&Prime;]<div class=\"single_image wpb_content_element align-left    \" data-animation=\"none\" data-delay=\"0\"><a href=\"https:\/\/www.wirelesspowerconsortium.com\/\" target=\"_blank\"><img loading=\"lazy\" decoding=\"async\" width=\"179\" height=\"84\" src=\"https:\/\/www.nieulandesolutions.com\/wp-content\/uploads\/2016\/07\/consortium-.jpg\" class=\"attachment-full\" alt=\"\" title=\"consortium-\" \/><\/a><\/div>[vc_column_text]Le Wireless Power Consortium a d\u00e9velopp\u00e9 une technologie pour charger des t\u00e9l\u00e9phones mobiles\u00a0sans avoir recours \u00e0 de connecteurs ou de fils. Cette technologie, appel\u00e9e \u00abQi\u00bb, est d\u00e9j\u00e0 utilis\u00e9e dans<br \/>\nles t\u00e9l\u00e9phones mobiles de nombreuses marques reconnues telles que Samsung, LG, Nokia et\u00a0Motorola.<\/p>\n<p>Les chargeurs qui utilisent la technologie Qi doivent \u00eatre certifi\u00e9s pour s&rsquo;assurer qu&rsquo;ils sont\u00a0 s\u00e9curis\u00e9s,\u00a0\u00e0 l\u2019instar de toute autre technologie de recharge. La quasi-totalit\u00e9 des fabricants de chargeurs Qi\u00a0poss\u00e8dent d\u00e9j\u00e0 leurs produits certifi\u00e9s\u00a0; toutefois, certains fabricants pr\u00e9f\u00e8rent \u00e9viter le co\u00fbt des\u00a0tests et proposent sur le march\u00e9 des produits qui n&rsquo;ont pas \u00e9t\u00e9 certifi\u00e9s.<\/p>\n<p>Pour les consommateurs, il est difficile de distinguer les produits certifi\u00e9s et non certifi\u00e9s. C&rsquo;est la\u00a0raison pour laquelle le Wireless Power Consortium a besoin de l&rsquo;aide des canaux de distribution, afin\u00a0de garantir la s\u00e9curit\u00e9 des consommateurs. Les acheteurs professionnels et les category managers\u00a0comprennent parfaitement les risques de s\u00e9curit\u00e9 li\u00e9s aux chargeurs de t\u00e9l\u00e9phones portables, et ils\u00a0sont \u00e0 mesure de v\u00e9rifier que les produits qu&rsquo;ils vendent sont s\u00e9curis\u00e9s.<\/p>\n<p>Nieulande Solutions a mis en relation le Wireless Power Consortium) avec les meilleurs d\u00e9taillants\u00a0europ\u00e9ens d&rsquo;\u00e9lectronique et a organis\u00e9 des rencontres face \u00e0 face avec les category managers. Le\u00a0r\u00e9sultat est\u00a0: un partenariat solide qui garantit la s\u00e9curit\u00e9 des consommateurs et diminue les risques\u00a0pour les d\u00e9taillants.<\/p>\n<p>Menno Treffers, pr\u00e9sident du Wireless Power Consortium: \u00ab\u00a0Nous n&rsquo;aurions pas pu atteindre les bons\u00a0interlocuteurs sans Eugene van Nieulande. Il a organis\u00e9 des rencontres rapidement et a su cr\u00e9er des\u00a0bonnes perspectives pendant les r\u00e9unions. Nous lui avons demand\u00e9 de rejoindre les r\u00e9unions les plus\u00a0importantes. Cela a permis d&rsquo;expliquer clairement notre message et d&rsquo;\u00e9tablir une coop\u00e9ration\u00a0mutuellement b\u00e9n\u00e9fique avec les principaux d\u00e9taillants grand public d&rsquo;\u00e9lectronique en Europe.\u00a0\u00bb[\/vc_column_text]<a href=\"#contact\" target=\"_self\" class=\"button button-appear color-3 medium \" style=\"border-radius: 2px;\"><span>Contact-us<i class='fa fa-chevron-right'><\/i><\/span><\/a>[\/vc_column][\/vc_row][vc_row bg_color=\u00a0\u00bb#ffffff\u00a0\u00bb top_padding=\u00a0\u00bb60&Prime; bottom_padding=\u00a0\u00bb60&Prime; row_id=\u00a0\u00bbcontact\u00a0\u00bb bg_position=\u00a0\u00bbleft top\u00a0\u00bb][vc_column width=\u00a0\u00bb1\/4&Prime;]<h3 class=\"headline font-special fontsize-m fontweight-700 lh-inherit align-left transform-uppercase \" style=\"margin: 0 0 20px 0;\">Contact<\/h3>[vc_column_text el_class=\u00a0\u00bbblue\u00a0\u00bb]<strong>NIEULANDE SOLUTIONS SAS<\/strong><\/p>\n<p><strong>Bureau +33\u00a04 94 74 66 59<br \/>\nMobile +33 6 21 21 13 12<br \/>\n<\/strong><\/p>\n<p>3 Boulevard de la Plage<br \/>\n83270 Saint Cyr sur Mer<br \/>\nFrance[\/vc_column_text]<div class=\"spacer\" style=\"height: 20px;\"><\/div>[vc_column_text el_class=\u00a0\u00bbblue\u00a0\u00bb]<strong>NIEULANDE SOLUTIONS BV<\/strong><\/p>\n<p><strong>Bureau +33\u00a04 94 74 66 59<br \/>\nMobile +33 6 21 21 13 12<br \/>\n<\/strong><\/p>\n<p>Boeimeerlaan 30B<br \/>\n4819 BG<br \/>\nBreda, Netherlands[\/vc_column_text]<div class=\"spacer\" style=\"height: 20px;\"><\/div><h3 class=\"headline font-special fontsize-m fontweight-700 lh-inherit align-left transform-uppercase \" style=\"margin: 0 0 20px 0;\">Restons en contact<\/h3>[vc_column_text]<div class=\"social-icon social-big\"><a href=\"https:\/\/www.linkedin.com\/in\/eugene-van-nieulande-9396626?trk=hp-identity-name\" target=\"_blank\" title=\"\"><i class=\"fa fa-linkedin\"><\/i><\/a><\/div><div class=\"clear\"><\/div>[\/vc_column_text][\/vc_column][vc_column width=\u00a0\u00bb3\/4&Prime;]<h3 class=\"headline font-special fontsize-m fontweight-700 lh-inherit align-left transform-uppercase \" style=\"margin: 0 0 20px 0;\">Rentrons en contact<\/h3>\n<div class=\"wpcf7 no-js\" id=\"wpcf7-f15559-o1\" lang=\"en-US\" dir=\"ltr\" data-wpcf7-id=\"15559\">\n<div class=\"screen-reader-response\"><p role=\"status\" aria-live=\"polite\" aria-atomic=\"true\"><\/p> <ul><\/ul><\/div>\n<form action=\"\/fr\/wp-json\/wp\/v2\/pages\/15859#wpcf7-f15559-o1\" method=\"post\" class=\"wpcf7-form init\" aria-label=\"Contact form\" novalidate=\"novalidate\" data-status=\"init\">\n<fieldset class=\"hidden-fields-container\"><input type=\"hidden\" name=\"_wpcf7\" value=\"15559\" \/><input type=\"hidden\" name=\"_wpcf7_version\" value=\"6.1.5\" \/><input type=\"hidden\" name=\"_wpcf7_locale\" value=\"en_US\" \/><input type=\"hidden\" name=\"_wpcf7_unit_tag\" value=\"wpcf7-f15559-o1\" \/><input type=\"hidden\" name=\"_wpcf7_container_post\" value=\"0\" \/><input type=\"hidden\" name=\"_wpcf7_posted_data_hash\" value=\"\" \/><input type=\"hidden\" name=\"_wpcf7_recaptcha_response\" value=\"\" \/>\n<\/fieldset>\n<p>Votre nom*\n<\/p>\n<p><span class=\"wpcf7-form-control-wrap\" data-name=\"your-name\"><input size=\"40\" maxlength=\"400\" class=\"wpcf7-form-control wpcf7-text wpcf7-validates-as-required\" aria-required=\"true\" aria-invalid=\"false\" value=\"\" type=\"text\" name=\"your-name\" \/><\/span>\n<\/p>\n<p>Votre email*\n<\/p>\n<p><span class=\"wpcf7-form-control-wrap\" data-name=\"your-email\"><input size=\"40\" maxlength=\"400\" class=\"wpcf7-form-control wpcf7-email wpcf7-validates-as-required wpcf7-text wpcf7-validates-as-email\" aria-required=\"true\" aria-invalid=\"false\" value=\"\" type=\"email\" name=\"your-email\" \/><\/span>\n<\/p>\n<p>Objet*\n<\/p>\n<p><span class=\"wpcf7-form-control-wrap\" data-name=\"your-subject\"><input size=\"40\" maxlength=\"400\" class=\"wpcf7-form-control wpcf7-text wpcf7-validates-as-required\" aria-required=\"true\" aria-invalid=\"false\" value=\"\" type=\"text\" name=\"your-subject\" \/><\/span>\n<\/p>\n<p>Votre message*\n<\/p>\n<p><span class=\"wpcf7-form-control-wrap\" data-name=\"your-message\"><textarea cols=\"40\" rows=\"10\" maxlength=\"2000\" class=\"wpcf7-form-control wpcf7-textarea wpcf7-validates-as-required\" aria-required=\"true\" aria-invalid=\"false\" name=\"your-message\"><\/textarea><\/span>\n<\/p>\n<p>\n\n<\/p>\n<p><input class=\"wpcf7-form-control wpcf7-submit has-spinner\" type=\"submit\" value=\"Envoyer\" \/>\n<\/p><p style=\"display: none !important;\" class=\"akismet-fields-container\" data-prefix=\"_wpcf7_ak_\"><label>&#916;<textarea name=\"_wpcf7_ak_hp_textarea\" cols=\"45\" rows=\"8\" maxlength=\"100\"><\/textarea><\/label><input type=\"hidden\" id=\"ak_js_1\" name=\"_wpcf7_ak_js\" value=\"241\"\/><script>document.getElementById( \"ak_js_1\" ).setAttribute( \"value\", ( new Date() ).getTime() );<\/script><\/p><div class=\"wpcf7-response-output\" aria-hidden=\"true\"><\/div>\n<\/form>\n<\/div>\n[\/vc_column][\/vc_row]<\/p>\n<\/div>","protected":false},"excerpt":{"rendered":"<p>[vc_row type=\u00a0\u00bbfull_width_section\u00a0\u00bb row_id=\u00a0\u00bbfeatures\u00a0\u00bb bg_position=\u00a0\u00bbleft top\u00a0\u00bb][vc_column animation=\u00a0\u00bbfade-in-from-left\u00a0\u00bb bg_color=\u00a0\u00bb#222222&Prime; column_padding=\u00a0\u00bbpadding-5&Prime; text_color=\u00a0\u00bbcustom\u00a0\u00bb custom_text_color=\u00a0\u00bb#44bdbd\u00a0\u00bb width=\u00a0\u00bb1\/2&Prime;][\/vc_column][vc_column animation=\u00a0\u00bbfade-in-from-right\u00a0\u00bb bg_color=\u00a0\u00bb#1cbac8&Prime; column_padding=\u00a0\u00bbpadding-5&Prime; column_center=\u00a0\u00bbtrue\u00a0\u00bb text_color=\u00a0\u00bblight\u00a0\u00bb width=\u00a0\u00bb1\/2&Prime;][\/vc_column][\/vc_row][vc_row bg_color=\u00a0\u00bb#f7f7f7&Prime;][vc_column column_padding=\u00a0\u00bbpadding-3&Prime; column_center=\u00a0\u00bbtrue\u00a0\u00bb text_color=\u00a0\u00bbcustom\u00a0\u00bb width=\u00a0\u00bb1\/1&Prime;][vc_column_text]Le Wireless Power Consortium a d\u00e9velopp\u00e9 une technologie pour charger des t\u00e9l\u00e9phones mobiles\u00a0sans avoir recours \u00e0 de connecteurs ou de fils. Cette technologie, appel\u00e9e \u00abQi\u00bb, est d\u00e9j\u00e0 utilis\u00e9e dans les t\u00e9l\u00e9phones mobiles de nombreuses marques reconnues telles que Samsung, LG, Nokia et\u00a0Motorola. Les chargeurs qui utilisent la technologie Qi doivent \u00eatre certifi\u00e9s pour s&rsquo;assurer qu&rsquo;ils sont\u00a0 s\u00e9curis\u00e9s,\u00a0\u00e0 l\u2019instar de toute autre technologie de recharge. La quasi-totalit\u00e9 des fabricants de chargeurs Qi\u00a0poss\u00e8dent d\u00e9j\u00e0 leurs produits certifi\u00e9s\u00a0; toutefois, certains fabricants pr\u00e9f\u00e8rent \u00e9viter le co\u00fbt des\u00a0tests et proposent sur le march\u00e9 des produits qui n&rsquo;ont pas \u00e9t\u00e9 certifi\u00e9s. Pour les consommateurs, il est difficile de distinguer les produits certifi\u00e9s et non certifi\u00e9s. C&rsquo;est la\u00a0raison pour laquelle le Wireless Power Consortium a besoin de l&rsquo;aide des canaux de distribution, afin\u00a0de garantir la s\u00e9curit\u00e9 des consommateurs. Les acheteurs professionnels et les category managers\u00a0comprennent parfaitement les risques de s\u00e9curit\u00e9 li\u00e9s aux chargeurs de t\u00e9l\u00e9phones portables, et ils\u00a0sont \u00e0 mesure de v\u00e9rifier que les produits qu&rsquo;ils vendent sont s\u00e9curis\u00e9s. Nieulande Solutions a mis en relation le Wireless Power Consortium) avec les meilleurs d\u00e9taillants\u00a0europ\u00e9ens d&rsquo;\u00e9lectronique et a [&hellip;]<\/p>\n","protected":false},"author":1,"featured_media":0,"parent":0,"menu_order":0,"comment_status":"closed","ping_status":"closed","template":"","meta":{"footnotes":""},"class_list":["post-15859","page","type-page","status-publish","hentry"],"_links":{"self":[{"href":"https:\/\/www.nieulandesolutions.com\/fr\/wp-json\/wp\/v2\/pages\/15859","targetHints":{"allow":["GET"]}}],"collection":[{"href":"https:\/\/www.nieulandesolutions.com\/fr\/wp-json\/wp\/v2\/pages"}],"about":[{"href":"https:\/\/www.nieulandesolutions.com\/fr\/wp-json\/wp\/v2\/types\/page"}],"author":[{"embeddable":true,"href":"https:\/\/www.nieulandesolutions.com\/fr\/wp-json\/wp\/v2\/users\/1"}],"replies":[{"embeddable":true,"href":"https:\/\/www.nieulandesolutions.com\/fr\/wp-json\/wp\/v2\/comments?post=15859"}],"version-history":[{"count":3,"href":"https:\/\/www.nieulandesolutions.com\/fr\/wp-json\/wp\/v2\/pages\/15859\/revisions"}],"predecessor-version":[{"id":16031,"href":"https:\/\/www.nieulandesolutions.com\/fr\/wp-json\/wp\/v2\/pages\/15859\/revisions\/16031"}],"wp:attachment":[{"href":"https:\/\/www.nieulandesolutions.com\/fr\/wp-json\/wp\/v2\/media?parent=15859"}],"curies":[{"name":"wp","href":"https:\/\/api.w.org\/{rel}","templated":true}]}}